{"id":39,"date":"2015-05-30T14:42:50","date_gmt":"2015-05-30T12:42:50","guid":{"rendered":"http:\/\/www.chufanederland.nl\/?post_type=product&#038;p=39"},"modified":"2026-04-16T15:01:09","modified_gmt":"2026-04-16T13:01:09","slug":"biologische-chufa","status":"publish","type":"product","link":"https:\/\/www.chufafactory.com\/fr\/webwinkel\/biologische-chufa\/","title":{"rendered":"Chufas originaux biologiques"},"content":{"rendered":"<ul>\n<li>tht :<br \/>\n250g 30\/07\/2026<br \/>\n500g 30\/07\/2026<br \/>\n1 kg 07\/2027<\/li>\n<li>l'emballage est sans BPA<\/li>\n<\/ul>\n<p>Ce sont les chufas originales, \u00e9galement appel\u00e9es amandes moulues ou noix du tigre. Ce n'est pas une noix mais un l\u00e9gume-racine. Ils sont biologiques, crus et sans allerg\u00e8nes. Riche en fibres qui agissent comme un pr\u00e9biotique, un nutriment pour les bonnes bact\u00e9ries intestinales. Les chufas contiennent les min\u00e9raux magn\u00e9sium et fer et sont riches en phosphore et potassium.<\/p>\n<h3>Utilisez<\/h3>\n<p>Ces chufas peuvent \u00eatre mang\u00e9s directement \u00e0 partir du sac, mais il faut beaucoup de mastication. Les chufas pel\u00e9s sont meilleurs pour cela ou vous les faites tremper pendant 12 heures d'abord, ils ramolliront un peu.<\/p>\n<p>Ce chufa est le plus souvent utilis\u00e9 pour faire de la horchata ! Un lait v\u00e9g\u00e9tal sucr\u00e9 qui est vendu dans les rues de Valence depuis des si\u00e8cles. Faites-les tremper dans de l'eau au r\u00e9frig\u00e9rateur pendant 24 heures, puis broyez-les avec 3 \u00e0 4 fois plus d'eau fra\u00eeche dans un mixeur ou un moulin \u00e0 caf\u00e9. <em><span style=\"color: #0000ff;\"><a style=\"color: #0000ff;\" href=\"https:\/\/www.chufafactory.com\/fr\/product\/chufamix-veggie-drinks-maker\/\">Trayeuse v\u00e9g\u00e9talienne<\/a><\/span><\/em> avec une datte et un peu de sel. Laisser un peu au r\u00e9frig\u00e9rateur et boire glac\u00e9. La pulpe est donn\u00e9e aux \u00e2nes en Espagne !<\/p>\n<p><a href=\"https:\/\/www.chufafactory.com\/wp-content\/uploads\/E-book-Horchata.pdf\"><img loading=\"lazy\" decoding=\"async\" class=\"alignleft wp-image-102540 size-full\" src=\"https:\/\/www.chufafactory.com\/wp-content\/uploads\/Voorkant-horchata-e-book.png\" alt=\"\" width=\"189\" height=\"307\" srcset=\"https:\/\/www.chufafactory.com\/wp-content\/uploads\/Voorkant-horchata-e-book.png 189w, https:\/\/www.chufafactory.com\/wp-content\/uploads\/Voorkant-horchata-e-book-185x300.png 185w, https:\/\/www.chufafactory.com\/wp-content\/uploads\/Voorkant-horchata-e-book-7x12.png 7w\" sizes=\"auto, (max-width: 189px) 100vw, 189px\" \/><\/a>Dans la rubrique \"Recettes\", vous trouverez l'ensemble de la liste des <a href=\"https:\/\/www.chufafactory.com\/fr\/recepten\/drankjes\/chufamelk-horchata-tijgernotenmelk\/\"><em><span style=\"color: #0000ff;\">recette de l'horchata<\/span><\/em><\/a>. Nous avons \u00e9galement cr\u00e9\u00e9 un e-book avec 8 recettes de variantes de l'horchata et 2 recettes utilisant la pulpe (produit restant) comme ingr\u00e9dient. T\u00e9l\u00e9chargez le PDF en cliquant sur l'image.<\/p>","protected":false},"excerpt":{"rendered":"<p>Cette Chufa originale est traditionnellement utilis\u00e9e pour faire de l'horchata.<\/p>\n<p><strong>Obtenez une r\u00e9duction de 10% \u00e0 l'achat de sacs de 5 kilos ou plus ! Les combinaisons sont possibles. La r\u00e9duction est visible dans votre panier.<\/strong><\/p>\n<p><img loading=\"lazy\" decoding=\"async\" class=\"aligncenter size-full wp-image-203\" src=\"https:\/\/www.chufafactory.com\/wp-content\/uploads\/logos-en-keurmerken.jpg\" alt=\"\" width=\"804\" height=\"159\" srcset=\"https:\/\/www.chufafactory.com\/wp-content\/uploads\/logos-en-keurmerken.jpg 804w, https:\/\/www.chufafactory.com\/wp-content\/uploads\/logos-en-keurmerken-600x119.jpg 600w, https:\/\/www.chufafactory.com\/wp-content\/uploads\/logos-en-keurmerken-300x59.jpg 300w, https:\/\/www.chufafactory.com\/wp-content\/uploads\/logos-en-keurmerken-768x152.jpg 768w\" sizes=\"auto, (max-width: 804px) 100vw, 804px\" \/><\/p>","protected":false},"featured_media":98910,"comment_status":"open","ping_status":"closed","template":"","meta":{"_uag_custom_page_level_css":""},"product_brand":[],"product_cat":[125],"product_tag":[91],"class_list":{"0":"post-39","1":"product","2":"type-product","3":"status-publish","4":"has-post-thumbnail","6":"product_cat-originele-chufas","7":"product_tag-biologisch","8":"product_shipping_class-pakket","9":"sales-flash-overlay","10":"woocommerce-text-align-center","11":"woocommerce-image-align-center","12":"do-quantity-buttons","13":"wc-has-gallery","15":"first","16":"instock","17":"taxable","18":"shipping-taxable","19":"purchasable","20":"product-type-variable","21":"has-default-attributes"},"uagb_featured_image_src":{"full":["https:\/\/www.chufafactory.com\/wp-content\/uploads\/ongepelde-close-up-1.jpg",650,650,false],"thumbnail":["https:\/\/www.chufafactory.com\/wp-content\/uploads\/ongepelde-close-up-1-150x150.jpg",150,150,true],"medium":["https:\/\/www.chufafactory.com\/wp-content\/uploads\/ongepelde-close-up-1-300x300.jpg",300,300,true],"medium_large":["https:\/\/www.chufafactory.com\/wp-content\/uploads\/ongepelde-close-up-1.jpg",650,650,false],"large":["https:\/\/www.chufafactory.com\/wp-content\/uploads\/ongepelde-close-up-1.jpg",650,650,false],"gs-tiny":["https:\/\/www.chufafactory.com\/wp-content\/uploads\/ongepelde-close-up-1.jpg",50,50,false],"xl":["https:\/\/www.chufafactory.com\/wp-content\/uploads\/ongepelde-close-up-1.jpg",650,650,false],"xxl":["https:\/\/www.chufafactory.com\/wp-content\/uploads\/ongepelde-close-up-1.jpg",650,650,false],"xxxl":["https:\/\/www.chufafactory.com\/wp-content\/uploads\/ongepelde-close-up-1.jpg",650,650,false],"xxxxl":["https:\/\/www.chufafactory.com\/wp-content\/uploads\/ongepelde-close-up-1.jpg",650,650,false],"xxxxxl":["https:\/\/www.chufafactory.com\/wp-content\/uploads\/ongepelde-close-up-1.jpg",650,650,false],"1536x1536":["https:\/\/www.chufafactory.com\/wp-content\/uploads\/ongepelde-close-up-1.jpg",650,650,false],"2048x2048":["https:\/\/www.chufafactory.com\/wp-content\/uploads\/ongepelde-close-up-1.jpg",650,650,false],"trp-custom-language-flag":["https:\/\/www.chufafactory.com\/wp-content\/uploads\/ongepelde-close-up-1.jpg",12,12,false],"woocommerce_thumbnail":["https:\/\/www.chufafactory.com\/wp-content\/uploads\/ongepelde-close-up-1-300x300.jpg",300,300,true],"woocommerce_single":["https:\/\/www.chufafactory.com\/wp-content\/uploads\/ongepelde-close-up-1-600x600.jpg",600,600,true],"woocommerce_gallery_thumbnail":["https:\/\/www.chufafactory.com\/wp-content\/uploads\/ongepelde-close-up-1-100x100.jpg",100,100,true]},"uagb_author_info":{"display_name":"ChufaNederland","author_link":"https:\/\/www.chufafactory.com\/fr\/author\/"},"uagb_comment_info":42,"uagb_excerpt":"Deze Originele Chufa wordt van oudsher gebruikt voor het maken van horchata. Krijg 10% korting bij de aankoop van 5 of meer kilozakken! Combineren is mogelijk. De korting is zichtbaar in je winkelmandje.","batches":[],"_links":{"self":[{"href":"https:\/\/www.chufafactory.com\/fr\/wp-json\/wp\/v2\/product\/39","targetHints":{"allow":["GET"]}}],"collection":[{"href":"https:\/\/www.chufafactory.com\/fr\/wp-json\/wp\/v2\/product"}],"about":[{"href":"https:\/\/www.chufafactory.com\/fr\/wp-json\/wp\/v2\/types\/product"}],"replies":[{"embeddable":true,"href":"https:\/\/www.chufafactory.com\/fr\/wp-json\/wp\/v2\/comments?post=39"}],"wp:featuredmedia":[{"embeddable":true,"href":"https:\/\/www.chufafactory.com\/fr\/wp-json\/wp\/v2\/media\/98910"}],"wp:attachment":[{"href":"https:\/\/www.chufafactory.com\/fr\/wp-json\/wp\/v2\/media?parent=39"}],"wp:term":[{"taxonomy":"product_brand","embeddable":true,"href":"https:\/\/www.chufafactory.com\/fr\/wp-json\/wp\/v2\/product_brand?post=39"},{"taxonomy":"product_cat","embeddable":true,"href":"https:\/\/www.chufafactory.com\/fr\/wp-json\/wp\/v2\/product_cat?post=39"},{"taxonomy":"product_tag","embeddable":true,"href":"https:\/\/www.chufafactory.com\/fr\/wp-json\/wp\/v2\/product_tag?post=39"}],"curies":[{"name":"wp","href":"https:\/\/api.w.org\/{rel}","templated":true}]}}