{"id":3522,"date":"2018-06-23T20:13:48","date_gmt":"2018-06-23T18:13:48","guid":{"rendered":"https:\/\/www.chufanederland.nl\/?post_type=product&#038;p=3522"},"modified":"2026-04-09T14:17:15","modified_gmt":"2026-04-09T12:17:15","slug":"chocoladereep-met-chufameel","status":"publish","type":"product","link":"https:\/\/www.chufafactory.com\/fr\/webwinkel\/chocoladereep-met-chufameel\/","title":{"rendered":"Barre de chocolat \u00e0 la farine de Chufa"},"content":{"rendered":"<p>Ce bar est unique pour deux raisons :<\/p>\n<ul>\n<li>la teneur \u00e9lev\u00e9e en farine de chufa. On trouve dans le commerce une autre barre d'une marque allemande qui contient \u00e9galement de la farine de chufa, mais en si petite quantit\u00e9 qu'on la sent \u00e0 peine. Cette barre a une teneur \u00e9lev\u00e9e en farine de chufa qui lui donne une texture presque savoureuse. La caract\u00e9ristique unique 2 fournit \u00e9galement cette texture :<\/li>\n<li>la barre appartient \u00e0 \"stone chocolate\". Les f\u00e8ves de cacao sont d\u00e9cortiqu\u00e9es puis broy\u00e9es \u00e0 l'aide d'une pierre, un \"metate\".<\/li>\n<\/ul>\n<p><img loading=\"lazy\" decoding=\"async\" class=\"size-full wp-image-101256 aligncenter\" src=\"https:\/\/www.chufafactory.com\/wp-content\/uploads\/Metate-en-Mortar.png\" alt=\"\" width=\"285\" height=\"317\" srcset=\"https:\/\/www.chufafactory.com\/wp-content\/uploads\/Metate-en-Mortar.png 285w, https:\/\/www.chufafactory.com\/wp-content\/uploads\/Metate-en-Mortar-270x300.png 270w\" sizes=\"auto, (max-width: 285px) 100vw, 285px\" \/><\/p>\n<p>Comment la barre est-elle fabriqu\u00e9e ?<\/p>\n<p>1. Dans une po\u00eale trou\u00e9e, faites griller les f\u00e8ves de cacao jusqu'\u00e0 ce que la peau se d\u00e9tache facilement.<br \/>\n2. les f\u00e8ves sont broy\u00e9es par des pierres ('metate'), c'est ainsi que l'on obtient la masse de cacao.<br \/>\n3. cette masse de cacao est fondue avec du sucre de canne pour \u00e9liminer la plus grande amertume du cacao, de la l\u00e9cithine de soja comme \u00e9mulsifiant et de la farine de riz pour \u00e9paissir la p\u00e2te (\u00e0 Valence, on ajoutait autrefois de la farine au lait chocolat\u00e9 pour la sp\u00e9cialit\u00e9 locale \"Chocolate a la Taza\").<\/p>\n<div id='gallery-1' class='gallery galleryid-3522 gallery-columns-3 gallery-size-medium'><figure class='gallery-item'>\n\t\t\t<div class='gallery-icon landscape'>\n\t\t\t\t<img loading=\"lazy\" decoding=\"async\" width=\"300\" height=\"200\" src=\"https:\/\/www.chufafactory.com\/wp-content\/uploads\/Smelten-en-Mengen-300x200.jpg\" class=\"attachment-medium size-medium\" alt=\"\" srcset=\"https:\/\/www.chufafactory.com\/wp-content\/uploads\/Smelten-en-Mengen-300x200.jpg 300w, https:\/\/www.chufafactory.com\/wp-content\/uploads\/Smelten-en-Mengen-768x512.jpg 768w, https:\/\/www.chufafactory.com\/wp-content\/uploads\/Smelten-en-Mengen-600x400.jpg 600w, https:\/\/www.chufafactory.com\/wp-content\/uploads\/Smelten-en-Mengen.jpg 800w\" sizes=\"auto, (max-width: 300px) 100vw, 300px\" \/>\n\t\t\t<\/div><\/figure><figure class='gallery-item'>\n\t\t\t<div class='gallery-icon landscape'>\n\t\t\t\t<img loading=\"lazy\" decoding=\"async\" width=\"300\" height=\"200\" src=\"https:\/\/www.chufafactory.com\/wp-content\/uploads\/Mengen-met-het-specifieke-ingredient-300x200.jpg\" class=\"attachment-medium size-medium\" alt=\"\" srcset=\"https:\/\/www.chufafactory.com\/wp-content\/uploads\/Mengen-met-het-specifieke-ingredient-300x200.jpg 300w, https:\/\/www.chufafactory.com\/wp-content\/uploads\/Mengen-met-het-specifieke-ingredient-768x512.jpg 768w, https:\/\/www.chufafactory.com\/wp-content\/uploads\/Mengen-met-het-specifieke-ingredient-600x400.jpg 600w, https:\/\/www.chufafactory.com\/wp-content\/uploads\/Mengen-met-het-specifieke-ingredient.jpg 800w\" sizes=\"auto, (max-width: 300px) 100vw, 300px\" \/>\n\t\t\t<\/div><\/figure><figure class='gallery-item'>\n\t\t\t<div class='gallery-icon landscape'>\n\t\t\t\t<img loading=\"lazy\" decoding=\"async\" width=\"300\" height=\"200\" src=\"https:\/\/www.chufafactory.com\/wp-content\/uploads\/Grinden-met-de-Matate-300x200.jpg\" class=\"attachment-medium size-medium\" alt=\"\" srcset=\"https:\/\/www.chufafactory.com\/wp-content\/uploads\/Grinden-met-de-Matate-300x200.jpg 300w, https:\/\/www.chufafactory.com\/wp-content\/uploads\/Grinden-met-de-Matate-768x512.jpg 768w, https:\/\/www.chufafactory.com\/wp-content\/uploads\/Grinden-met-de-Matate-600x400.jpg 600w, https:\/\/www.chufafactory.com\/wp-content\/uploads\/Grinden-met-de-Matate.jpg 800w\" sizes=\"auto, (max-width: 300px) 100vw, 300px\" \/>\n\t\t\t<\/div><\/figure>\n\t\t<\/div>\n\n<p>4. dans ce bar, la farine de chufa est maintenant ajout\u00e9e !<br \/>\n5. Les moules sont remplis de la masse et refroidis pour devenir fermes.<\/p>\n<div id='gallery-2' class='gallery galleryid-3522 gallery-columns-3 gallery-size-medium'><figure class='gallery-item'>\n\t\t\t<div class='gallery-icon landscape'>\n\t\t\t\t<img loading=\"lazy\" decoding=\"async\" width=\"300\" height=\"200\" src=\"https:\/\/www.chufafactory.com\/wp-content\/uploads\/De-vorm-300x200.jpg\" class=\"attachment-medium size-medium\" alt=\"\" srcset=\"https:\/\/www.chufafactory.com\/wp-content\/uploads\/De-vorm-300x200.jpg 300w, https:\/\/www.chufafactory.com\/wp-content\/uploads\/De-vorm-768x512.jpg 768w, https:\/\/www.chufafactory.com\/wp-content\/uploads\/De-vorm-600x400.jpg 600w, https:\/\/www.chufafactory.com\/wp-content\/uploads\/De-vorm.jpg 800w\" sizes=\"auto, (max-width: 300px) 100vw, 300px\" \/>\n\t\t\t<\/div><\/figure><figure class='gallery-item'>\n\t\t\t<div class='gallery-icon landscape'>\n\t\t\t\t<img loading=\"lazy\" decoding=\"async\" width=\"300\" height=\"200\" src=\"https:\/\/www.chufafactory.com\/wp-content\/uploads\/De-vorm-vullen-300x200.jpg\" class=\"attachment-medium size-medium\" alt=\"\" srcset=\"https:\/\/www.chufafactory.com\/wp-content\/uploads\/De-vorm-vullen-300x200.jpg 300w, https:\/\/www.chufafactory.com\/wp-content\/uploads\/De-vorm-vullen-768x512.jpg 768w, https:\/\/www.chufafactory.com\/wp-content\/uploads\/De-vorm-vullen-600x400.jpg 600w, https:\/\/www.chufafactory.com\/wp-content\/uploads\/De-vorm-vullen.jpg 800w\" sizes=\"auto, (max-width: 300px) 100vw, 300px\" \/>\n\t\t\t<\/div><\/figure><figure class='gallery-item'>\n\t\t\t<div class='gallery-icon landscape'>\n\t\t\t\t<img loading=\"lazy\" decoding=\"async\" width=\"300\" height=\"200\" src=\"https:\/\/www.chufafactory.com\/wp-content\/uploads\/De-vorm-vullen-2-300x200.jpg\" class=\"attachment-medium size-medium\" alt=\"\" srcset=\"https:\/\/www.chufafactory.com\/wp-content\/uploads\/De-vorm-vullen-2-300x200.jpg 300w, https:\/\/www.chufafactory.com\/wp-content\/uploads\/De-vorm-vullen-2-768x512.jpg 768w, https:\/\/www.chufafactory.com\/wp-content\/uploads\/De-vorm-vullen-2-600x400.jpg 600w, https:\/\/www.chufafactory.com\/wp-content\/uploads\/De-vorm-vullen-2.jpg 800w\" sizes=\"auto, (max-width: 300px) 100vw, 300px\" \/>\n\t\t\t<\/div><\/figure><figure class='gallery-item'>\n\t\t\t<div class='gallery-icon landscape'>\n\t\t\t\t<img loading=\"lazy\" decoding=\"async\" width=\"300\" height=\"200\" src=\"https:\/\/www.chufafactory.com\/wp-content\/uploads\/De-vorm-vullen-3-300x200.jpg\" class=\"attachment-medium size-medium\" alt=\"\" srcset=\"https:\/\/www.chufafactory.com\/wp-content\/uploads\/De-vorm-vullen-3-300x200.jpg 300w, https:\/\/www.chufafactory.com\/wp-content\/uploads\/De-vorm-vullen-3-768x512.jpg 768w, https:\/\/www.chufafactory.com\/wp-content\/uploads\/De-vorm-vullen-3-600x400.jpg 600w, https:\/\/www.chufafactory.com\/wp-content\/uploads\/De-vorm-vullen-3.jpg 800w\" sizes=\"auto, (max-width: 300px) 100vw, 300px\" \/>\n\t\t\t<\/div><\/figure><figure class='gallery-item'>\n\t\t\t<div class='gallery-icon landscape'>\n\t\t\t\t<img loading=\"lazy\" decoding=\"async\" width=\"300\" height=\"200\" src=\"https:\/\/www.chufafactory.com\/wp-content\/uploads\/De-vorm-gevuld-300x200.jpg\" class=\"attachment-medium size-medium\" alt=\"\" srcset=\"https:\/\/www.chufafactory.com\/wp-content\/uploads\/De-vorm-gevuld-300x200.jpg 300w, https:\/\/www.chufafactory.com\/wp-content\/uploads\/De-vorm-gevuld-768x512.jpg 768w, https:\/\/www.chufafactory.com\/wp-content\/uploads\/De-vorm-gevuld-600x400.jpg 600w, https:\/\/www.chufafactory.com\/wp-content\/uploads\/De-vorm-gevuld.jpg 800w\" sizes=\"auto, (max-width: 300px) 100vw, 300px\" \/>\n\t\t\t<\/div><\/figure>\n\t\t<\/div>\n\n<p>6. une fois refroidis, ils sont emball\u00e9s \u00e0 la main et pr\u00eats \u00e0 \u00eatre vendus.<\/p>\n<div id='gallery-3' class='gallery galleryid-3522 gallery-columns-3 gallery-size-medium'><figure class='gallery-item'>\n\t\t\t<div class='gallery-icon landscape'>\n\t\t\t\t<img loading=\"lazy\" decoding=\"async\" width=\"300\" height=\"200\" src=\"https:\/\/www.chufafactory.com\/wp-content\/uploads\/Inpakken-300x200.jpg\" class=\"attachment-medium size-medium\" alt=\"\" srcset=\"https:\/\/www.chufafactory.com\/wp-content\/uploads\/Inpakken-300x200.jpg 300w, https:\/\/www.chufafactory.com\/wp-content\/uploads\/Inpakken-768x512.jpg 768w, https:\/\/www.chufafactory.com\/wp-content\/uploads\/Inpakken-600x400.jpg 600w, https:\/\/www.chufafactory.com\/wp-content\/uploads\/Inpakken.jpg 800w\" sizes=\"auto, (max-width: 300px) 100vw, 300px\" \/>\n\t\t\t<\/div><\/figure><figure class='gallery-item'>\n\t\t\t<div class='gallery-icon landscape'>\n\t\t\t\t<img loading=\"lazy\" decoding=\"async\" width=\"300\" height=\"200\" src=\"https:\/\/www.chufafactory.com\/wp-content\/uploads\/Inpakken-2-300x200.jpg\" class=\"attachment-medium size-medium\" alt=\"\" srcset=\"https:\/\/www.chufafactory.com\/wp-content\/uploads\/Inpakken-2-300x200.jpg 300w, https:\/\/www.chufafactory.com\/wp-content\/uploads\/Inpakken-2-768x512.jpg 768w, https:\/\/www.chufafactory.com\/wp-content\/uploads\/Inpakken-2-600x400.jpg 600w, https:\/\/www.chufafactory.com\/wp-content\/uploads\/Inpakken-2.jpg 800w\" sizes=\"auto, (max-width: 300px) 100vw, 300px\" \/>\n\t\t\t<\/div><\/figure><figure class='gallery-item'>\n\t\t\t<div class='gallery-icon landscape'>\n\t\t\t\t<img loading=\"lazy\" decoding=\"async\" width=\"300\" height=\"200\" src=\"https:\/\/www.chufafactory.com\/wp-content\/uploads\/De-reep-300x200.jpg\" class=\"attachment-medium size-medium\" alt=\"\" srcset=\"https:\/\/www.chufafactory.com\/wp-content\/uploads\/De-reep-300x200.jpg 300w, https:\/\/www.chufafactory.com\/wp-content\/uploads\/De-reep-768x512.jpg 768w, https:\/\/www.chufafactory.com\/wp-content\/uploads\/De-reep-600x400.jpg 600w, https:\/\/www.chufafactory.com\/wp-content\/uploads\/De-reep.jpg 800w\" sizes=\"auto, (max-width: 300px) 100vw, 300px\" \/>\n\t\t\t<\/div><\/figure>\n\t\t<\/div>","protected":false},"excerpt":{"rendered":"<p>\u00c0 consommer de pr\u00e9f\u00e9rence avant le 10-2026.<\/p>\n<p>En Espagne, nous sommes tomb\u00e9s sur cette barre de chocolat faite \u00e0 la main ! Appartenant au \"chocolat de pierre\", broy\u00e9 \u00e0 l'aide de pierres. Fabriqu\u00e9 par une famille de Valence qui fabriquait des produits en chocolat avant 1870.<\/p>\n<p>L'entreprise ne vend en fait ses produits que sur les march\u00e9s et dans son mus\u00e9e et ne fait rien en termes d'exportation. Nous sommes tr\u00e8s fiers que ChufaFactory soit la seule entreprise \u00e0 laquelle ils en envoient !<\/p>","protected":false},"featured_media":99441,"comment_status":"open","ping_status":"closed","template":"","meta":{"_uag_custom_page_level_css":""},"product_brand":[],"product_cat":[126],"product_tag":[119],"class_list":{"0":"post-3522","1":"product","2":"type-product","3":"status-publish","4":"has-post-thumbnail","6":"product_cat-overige-chufaproducten","7":"product_tag-niet-biologisch","8":"product_shipping_class-pakket","9":"sales-flash-overlay","10":"woocommerce-text-align-center","11":"woocommerce-image-align-center","12":"do-quantity-buttons","13":"wc-has-gallery","15":"first","16":"instock","17":"taxable","18":"shipping-taxable","19":"purchasable","20":"product-type-simple"},"uagb_featured_image_src":{"full":["https:\/\/www.chufafactory.com\/wp-content\/uploads\/Comes-Chocola-close-up.jpg",800,800,false],"thumbnail":["https:\/\/www.chufafactory.com\/wp-content\/uploads\/Comes-Chocola-close-up-150x150.jpg",150,150,true],"medium":["https:\/\/www.chufafactory.com\/wp-content\/uploads\/Comes-Chocola-close-up-300x300.jpg",300,300,true],"medium_large":["https:\/\/www.chufafactory.com\/wp-content\/uploads\/Comes-Chocola-close-up-768x768.jpg",768,768,true],"large":["https:\/\/www.chufafactory.com\/wp-content\/uploads\/Comes-Chocola-close-up.jpg",800,800,false],"gs-tiny":["https:\/\/www.chufafactory.com\/wp-content\/uploads\/Comes-Chocola-close-up.jpg",50,50,false],"xl":["https:\/\/www.chufafactory.com\/wp-content\/uploads\/Comes-Chocola-close-up.jpg",800,800,false],"xxl":["https:\/\/www.chufafactory.com\/wp-content\/uploads\/Comes-Chocola-close-up.jpg",800,800,false],"xxxl":["https:\/\/www.chufafactory.com\/wp-content\/uploads\/Comes-Chocola-close-up.jpg",800,800,false],"xxxxl":["https:\/\/www.chufafactory.com\/wp-content\/uploads\/Comes-Chocola-close-up.jpg",800,800,false],"xxxxxl":["https:\/\/www.chufafactory.com\/wp-content\/uploads\/Comes-Chocola-close-up.jpg",800,800,false],"1536x1536":["https:\/\/www.chufafactory.com\/wp-content\/uploads\/Comes-Chocola-close-up.jpg",800,800,false],"2048x2048":["https:\/\/www.chufafactory.com\/wp-content\/uploads\/Comes-Chocola-close-up.jpg",800,800,false],"trp-custom-language-flag":["https:\/\/www.chufafactory.com\/wp-content\/uploads\/Comes-Chocola-close-up.jpg",12,12,false],"woocommerce_thumbnail":["https:\/\/www.chufafactory.com\/wp-content\/uploads\/Comes-Chocola-close-up-300x300.jpg",300,300,true],"woocommerce_single":["https:\/\/www.chufafactory.com\/wp-content\/uploads\/Comes-Chocola-close-up-600x600.jpg",600,600,true],"woocommerce_gallery_thumbnail":["https:\/\/www.chufafactory.com\/wp-content\/uploads\/Comes-Chocola-close-up-100x100.jpg",100,100,true]},"uagb_author_info":{"display_name":"ChufaNederland","author_link":"https:\/\/www.chufafactory.com\/fr\/author\/"},"uagb_comment_info":15,"uagb_excerpt":"Houdbaar t\/m 10-2026. In Spanje kwamen we deze handgemaakte chocoladereep tegen! Behorende tot 'stone chocolate', gemalen met behulp van steen. Gemaakt door een familie uit Valencia die al voor 1870 chocoladeproducten maakte. Het bedrijf verkoopt hun producten eigenlijk alleen op markten en in hun museum en doen niets aan export. We zijn erg trots dat\u2026","batches":[],"_links":{"self":[{"href":"https:\/\/www.chufafactory.com\/fr\/wp-json\/wp\/v2\/product\/3522","targetHints":{"allow":["GET"]}}],"collection":[{"href":"https:\/\/www.chufafactory.com\/fr\/wp-json\/wp\/v2\/product"}],"about":[{"href":"https:\/\/www.chufafactory.com\/fr\/wp-json\/wp\/v2\/types\/product"}],"replies":[{"embeddable":true,"href":"https:\/\/www.chufafactory.com\/fr\/wp-json\/wp\/v2\/comments?post=3522"}],"wp:featuredmedia":[{"embeddable":true,"href":"https:\/\/www.chufafactory.com\/fr\/wp-json\/wp\/v2\/media\/99441"}],"wp:attachment":[{"href":"https:\/\/www.chufafactory.com\/fr\/wp-json\/wp\/v2\/media?parent=3522"}],"wp:term":[{"taxonomy":"product_brand","embeddable":true,"href":"https:\/\/www.chufafactory.com\/fr\/wp-json\/wp\/v2\/product_brand?post=3522"},{"taxonomy":"product_cat","embeddable":true,"href":"https:\/\/www.chufafactory.com\/fr\/wp-json\/wp\/v2\/product_cat?post=3522"},{"taxonomy":"product_tag","embeddable":true,"href":"https:\/\/www.chufafactory.com\/fr\/wp-json\/wp\/v2\/product_tag?post=3522"}],"curies":[{"name":"wp","href":"https:\/\/api.w.org\/{rel}","templated":true}]}}