{"id":104421,"date":"2025-09-16T11:14:39","date_gmt":"2025-09-16T09:14:39","guid":{"rendered":"https:\/\/www.chufafactory.com\/?post_type=product&#038;p=104421"},"modified":"2026-05-15T15:49:04","modified_gmt":"2026-05-15T13:49:04","slug":"biologische-havergranola-aardbei-cacao","status":"publish","type":"product","link":"https:\/\/www.chufafactory.com\/fr\/webwinkel\/biologische-havergranola-aardbei-cacao\/","title":{"rendered":"Granola bio \u00e0 l'avoine Fraise Cacao"},"content":{"rendered":"<p>Ce granola biologique a pour base les flocons d'avoine et pour co-ingr\u00e9dient le souchet\/chufa.<\/p>\n<p>Le granola n'est pas cuit mais s\u00e9ch\u00e9 \u00e0 basse temp\u00e9rature. Il conserve ainsi toutes les enzymes, les fibres, les vitamines et les valeurs nutritionnelles des ingr\u00e9dients. Le granola contient des fibres qui sont b\u00e9n\u00e9fiques pour notre flore intestinale et notre digestion.<\/p>\n<p><strong>Valeurs nutritionnelles pour 100g :<\/strong>\u200b<\/p>\n<table>\n<tbody>\n<tr>\n<th>Description<\/th>\n<th>Valeur<\/th>\n<\/tr>\n<tr>\n<td>\u00c9nergie<\/td>\n<td>1664kJ (398 kcal)<\/td>\n<\/tr>\n<tr>\n<td>Graisse<\/td>\n<td>15 g<\/td>\n<\/tr>\n<tr>\n<td>- dont satur\u00e9<\/td>\n<td>4 g<\/td>\n<\/tr>\n<tr>\n<td>Glucides<\/td>\n<td>56 g<\/td>\n<\/tr>\n<tr>\n<td>- dont sucres<\/td>\n<td>15,4 g<\/td>\n<\/tr>\n<tr>\n<td>Fibres<\/td>\n<td>14 g<\/td>\n<\/tr>\n<tr>\n<td>Prot\u00e9ine<\/td>\n<td>14 g<\/td>\n<\/tr>\n<tr>\n<td>Sel<\/td>\n<td>0,19 g<\/td>\n<\/tr>\n<\/tbody>\n<\/table>","protected":false},"excerpt":{"rendered":"<p>En fait, j'ai mal command\u00e9, d'o\u00f9 l'offre. Il y a du souchet dedans mais la base est de l'avoine.<\/p>\n<p>Ingr\u00e9dients : flocons d'avoine sans gluten, flocons de quinoa, noix tigr\u00e9es moulues, p\u00e2te de dattes, graines de citrouille, noix de coco moulue, poudre de cacao criollo, f\u00e8ves de cacao criollo, fraises lyophilis\u00e9es 1%.<\/p>\n<p>Fabricant : Drobtinka<del><\/del><\/p>\n<p>Contenu : 300 grammes<br \/>\nTht : 09-06-2026<\/p>\n<p><img loading=\"lazy\" decoding=\"async\" class=\"aligncenter size-full wp-image-204\" src=\"https:\/\/www.chufafactory.com\/wp-content\/uploads\/logos-en-keurmerken.jpg\" alt=\"\" width=\"804\" height=\"159\" srcset=\"https:\/\/www.chufafactory.com\/wp-content\/uploads\/logos-en-keurmerken.jpg 804w, https:\/\/www.chufafactory.com\/wp-content\/uploads\/logos-en-keurmerken-600x119.jpg 600w, https:\/\/www.chufafactory.com\/wp-content\/uploads\/logos-en-keurmerken-300x59.jpg 300w, https:\/\/www.chufafactory.com\/wp-content\/uploads\/logos-en-keurmerken-768x152.jpg 768w\" sizes=\"auto, (max-width: 804px) 100vw, 804px\" \/><\/p>","protected":false},"featured_media":104424,"comment_status":"open","ping_status":"closed","template":"","meta":{"_uag_custom_page_level_css":""},"product_brand":[],"product_cat":[153,154],"product_tag":[],"class_list":{"0":"post-104421","1":"product","2":"type-product","3":"status-publish","4":"has-post-thumbnail","6":"product_cat-granola","7":"product_cat-ontbijtproducten","8":"product_shipping_class-pakket","9":"sales-flash-overlay","10":"woocommerce-text-align-center","11":"woocommerce-image-align-center","12":"do-quantity-buttons","14":"first","15":"instock","16":"sale","17":"taxable","18":"shipping-taxable","19":"purchasable","20":"product-type-simple"},"uagb_featured_image_src":{"full":["https:\/\/www.chufafactory.com\/wp-content\/uploads\/Granola-Tijgernoot-en-haver-aardbei-cacao.jpg",797,800,false],"thumbnail":["https:\/\/www.chufafactory.com\/wp-content\/uploads\/Granola-Tijgernoot-en-haver-aardbei-cacao-150x150.jpg",150,150,true],"medium":["https:\/\/www.chufafactory.com\/wp-content\/uploads\/Granola-Tijgernoot-en-haver-aardbei-cacao-300x300.jpg",300,300,true],"medium_large":["https:\/\/www.chufafactory.com\/wp-content\/uploads\/Granola-Tijgernoot-en-haver-aardbei-cacao-768x771.jpg",768,771,true],"large":["https:\/\/www.chufafactory.com\/wp-content\/uploads\/Granola-Tijgernoot-en-haver-aardbei-cacao.jpg",797,800,false],"gs-tiny":["https:\/\/www.chufafactory.com\/wp-content\/uploads\/Granola-Tijgernoot-en-haver-aardbei-cacao-50x50.jpg",50,50,true],"xl":["https:\/\/www.chufafactory.com\/wp-content\/uploads\/Granola-Tijgernoot-en-haver-aardbei-cacao.jpg",797,800,false],"xxl":["https:\/\/www.chufafactory.com\/wp-content\/uploads\/Granola-Tijgernoot-en-haver-aardbei-cacao.jpg",797,800,false],"xxxl":["https:\/\/www.chufafactory.com\/wp-content\/uploads\/Granola-Tijgernoot-en-haver-aardbei-cacao.jpg",797,800,false],"xxxxl":["https:\/\/www.chufafactory.com\/wp-content\/uploads\/Granola-Tijgernoot-en-haver-aardbei-cacao.jpg",797,800,false],"xxxxxl":["https:\/\/www.chufafactory.com\/wp-content\/uploads\/Granola-Tijgernoot-en-haver-aardbei-cacao.jpg",797,800,false],"1536x1536":["https:\/\/www.chufafactory.com\/wp-content\/uploads\/Granola-Tijgernoot-en-haver-aardbei-cacao.jpg",797,800,false],"2048x2048":["https:\/\/www.chufafactory.com\/wp-content\/uploads\/Granola-Tijgernoot-en-haver-aardbei-cacao.jpg",797,800,false],"trp-custom-language-flag":["https:\/\/www.chufafactory.com\/wp-content\/uploads\/Granola-Tijgernoot-en-haver-aardbei-cacao-12x12.jpg",12,12,true],"woocommerce_thumbnail":["https:\/\/www.chufafactory.com\/wp-content\/uploads\/Granola-Tijgernoot-en-haver-aardbei-cacao-300x300.jpg",300,300,true],"woocommerce_single":["https:\/\/www.chufafactory.com\/wp-content\/uploads\/Granola-Tijgernoot-en-haver-aardbei-cacao-600x602.jpg",600,602,true],"woocommerce_gallery_thumbnail":["https:\/\/www.chufafactory.com\/wp-content\/uploads\/Granola-Tijgernoot-en-haver-aardbei-cacao-100x100.jpg",100,100,true]},"uagb_author_info":{"display_name":"ChufaNederland","author_link":"https:\/\/www.chufafactory.com\/fr\/author\/"},"uagb_comment_info":0,"uagb_excerpt":"Eigenlijk verkeerd besteld, vandaar de aanbieding. Er zit wel wat tijgernoot in maar de basis is havermout. Ingredi\u00ebnten: glutenvrije havermoutvlokken, quinoavlokken, gemalen tijgernoten, dadelpasta, pompoenpitten, gemalen kokosnoot, criollo cacaopoeder, criollo cacaobonen, gevriesdroogde aardbeien 1%. Maker: Drobtinka Inhoud: 300 gram Tht: 09-06-2026","batches":[{"id":"172","date_created":"2025-09-16 09:24:39","date_expiry":"2026-06-09 00:00:00","user_id":"37","product_id":"104421","variation_id":null,"batch_number":"L23","supplier":"","quantity":"24.0000","quantity_available":"10.0000","status":"active","order_ids":"[104563,104593,104722,104749]"}],"_links":{"self":[{"href":"https:\/\/www.chufafactory.com\/fr\/wp-json\/wp\/v2\/product\/104421","targetHints":{"allow":["GET"]}}],"collection":[{"href":"https:\/\/www.chufafactory.com\/fr\/wp-json\/wp\/v2\/product"}],"about":[{"href":"https:\/\/www.chufafactory.com\/fr\/wp-json\/wp\/v2\/types\/product"}],"replies":[{"embeddable":true,"href":"https:\/\/www.chufafactory.com\/fr\/wp-json\/wp\/v2\/comments?post=104421"}],"wp:featuredmedia":[{"embeddable":true,"href":"https:\/\/www.chufafactory.com\/fr\/wp-json\/wp\/v2\/media\/104424"}],"wp:attachment":[{"href":"https:\/\/www.chufafactory.com\/fr\/wp-json\/wp\/v2\/media?parent=104421"}],"wp:term":[{"taxonomy":"product_brand","embeddable":true,"href":"https:\/\/www.chufafactory.com\/fr\/wp-json\/wp\/v2\/product_brand?post=104421"},{"taxonomy":"product_cat","embeddable":true,"href":"https:\/\/www.chufafactory.com\/fr\/wp-json\/wp\/v2\/product_cat?post=104421"},{"taxonomy":"product_tag","embeddable":true,"href":"https:\/\/www.chufafactory.com\/fr\/wp-json\/wp\/v2\/product_tag?post=104421"}],"curies":[{"name":"wp","href":"https:\/\/api.w.org\/{rel}","templated":true}]}}