{"id":13533,"date":"2015-05-24T19:57:03","date_gmt":"2015-05-24T17:57:03","guid":{"rendered":"http:\/\/www.chufanederland.nl\/?page_id=14"},"modified":"2023-09-07T12:31:23","modified_gmt":"2023-09-07T10:31:23","slug":"contact","status":"publish","type":"page","link":"https:\/\/www.chufafactory.com\/fr\/contact\/","title":{"rendered":"Contacter ChufaFactory"},"content":{"rendered":"<div class=\"wp-block-columns is-layout-flex wp-container-core-columns-is-layout-9d6595d7 wp-block-columns-is-layout-flex\">\n<div class=\"wp-block-column is-layout-flow wp-block-column-is-layout-flow\">\n<h2 class=\"wp-block-heading\">Appelez-nous :<\/h2>\n\n\n\n<p>015-7851131 (+31157851131)<br>G\u00e9n\u00e9ralement disponible du lundi au vendredi de 9h \u00e0 13h30.<\/p>\n\n\n\n<p>Pas de r\u00e9ponse ? Laissez un message et vous serez rappel\u00e9.<\/p>\n\n\n\n<h2 class=\"wp-block-heading\">Envoyez un courriel :<\/h2>\n\n\n\n<p><em><a href=\"mailto:info@chufafactory.com\" target=\"_blank\" rel=\"noreferrer noopener\">info@chufafactory.com<\/a><\/em><\/p>\n\n\n\n<figure class=\"wp-block-image size-large is-resized\"><img loading=\"lazy\" decoding=\"async\" src=\"https:\/\/www.chufafactory.com\/wp-content\/uploads\/ongepelde-close-up-1.jpg\" alt=\"\" class=\"wp-image-98910\" width=\"600\" height=\"600\" srcset=\"https:\/\/www.chufafactory.com\/wp-content\/uploads\/ongepelde-close-up-1.jpg 650w, https:\/\/www.chufafactory.com\/wp-content\/uploads\/ongepelde-close-up-1-300x300.jpg 300w, https:\/\/www.chufafactory.com\/wp-content\/uploads\/ongepelde-close-up-1-150x150.jpg 150w, https:\/\/www.chufafactory.com\/wp-content\/uploads\/ongepelde-close-up-1-600x600.jpg 600w, https:\/\/www.chufafactory.com\/wp-content\/uploads\/ongepelde-close-up-1-100x100.jpg 100w\" sizes=\"auto, (max-width: 600px) 100vw, 600px\" \/><\/figure>\n<\/div>\n\n\n\n<div class=\"wp-block-column is-layout-flow wp-block-column-is-layout-flow\">\n<h2 class=\"wp-block-heading\">Envoyez un message :<\/h2>\n\n\n\t\t\t\t<div class = \"wp-block-uagb-cf7-styler uagb-cf7-styler__outer-wrap uagb-block-35f8ac13\">\n\t\t\t\t\t<div class = \"uagb-cf7-styler__align-left uagb-cf7-styler__field-style-box uagb-cf7-styler__btn-align-left uagb-cf7-styler__btn-align-tablet- uagb-cf7-styler__btn-align-mobile- uagb-cf7-styler__highlight-style-default uagb-cf7-styler__check-style-enabled\">\n\t\t\t\t\t\n<div class=\"wpcf7 no-js\" id=\"wpcf7-f5-o1\" lang=\"en-US\" dir=\"ltr\" data-wpcf7-id=\"5\">\n<div class=\"screen-reader-response\"><p role=\"status\" aria-live=\"polite\" aria-atomic=\"true\"><\/p> <ul><\/ul><\/div>\n<form action=\"\/fr\/wp-json\/wp\/v2\/pages\/13533#wpcf7-f5-o1\" method=\"post\" class=\"wpcf7-form init\" aria-label=\"Formulaire de contact\" novalidate=\"novalidate\" data-status=\"init\" data-trp-original-action=\"\/fr\/wp-json\/wp\/v2\/pages\/13533#wpcf7-f5-o1\">\n<fieldset class=\"hidden-fields-container\"><input type=\"hidden\" name=\"_wpcf7\" value=\"5\" \/><input type=\"hidden\" name=\"_wpcf7_version\" value=\"6.1.5\" \/><input type=\"hidden\" name=\"_wpcf7_locale\" value=\"en_US\" \/><input type=\"hidden\" name=\"_wpcf7_unit_tag\" value=\"wpcf7-f5-o1\" \/><input type=\"hidden\" name=\"_wpcf7_container_post\" value=\"0\" \/><input type=\"hidden\" name=\"_wpcf7_posted_data_hash\" value=\"\" \/><input type=\"hidden\" name=\"_wpcf7_recaptcha_response\" value=\"\" \/>\n<\/fieldset>\n<p><label> Votre nom :<br \/>\n<span class=\"wpcf7-form-control-wrap\" data-name=\"your-name\"><input size=\"40\" maxlength=\"400\" class=\"wpcf7-form-control wpcf7-text wpcf7-validates-as-required\" aria-required=\"true\" aria-invalid=\"false\" value=\"\" type=\"text\" name=\"your-name\" \/><\/span> <\/label>\n<\/p>\n<p><label> Votre e-mail :<br \/>\n<span class=\"wpcf7-form-control-wrap\" data-name=\"your-email\"><input size=\"40\" maxlength=\"400\" class=\"wpcf7-form-control wpcf7-email wpcf7-validates-as-required wpcf7-text wpcf7-validates-as-email\" aria-required=\"true\" aria-invalid=\"false\" value=\"\" type=\"email\" name=\"your-email\" \/><\/span> <\/label>\n<\/p>\n<p><label> Sujet :<br \/>\n<span class=\"wpcf7-form-control-wrap\" data-name=\"your-subject\"><input size=\"40\" maxlength=\"400\" class=\"wpcf7-form-control wpcf7-text\" aria-invalid=\"false\" value=\"\" type=\"text\" name=\"your-subject\" \/><\/span> <\/label>\n<\/p>\n<p><label> Votre message :<br \/>\n<span class=\"wpcf7-form-control-wrap\" data-name=\"your-message\"><textarea cols=\"40\" rows=\"10\" maxlength=\"2000\" class=\"wpcf7-form-control wpcf7-textarea\" aria-invalid=\"false\" name=\"your-message\"><\/textarea><\/span> <\/label>\n<\/p>\n<p><input class=\"wpcf7-form-control wpcf7-submit has-spinner\" type=\"submit\" value=\"Exp\u00e9dition\" \/>\n<\/p>\n<p><small>Ce site est s\u00e9curis\u00e9 par reCAPTCHA : le syst\u00e8me d'identification de Google. <a href=\"https:\/\/policies.google.com\/privacy\">Politique de confidentialit\u00e9<\/a> et <a href=\"https:\/\/policies.google.com\/terms\">Conditions d'utilisation<\/a> appliquer.<\/small>\n<\/p><p style=\"display: none !important;\" class=\"akismet-fields-container\" data-prefix=\"_wpcf7_ak_\"><label>&#916;<textarea name=\"_wpcf7_ak_hp_textarea\" cols=\"45\" rows=\"8\" maxlength=\"100\"><\/textarea><\/label><input type=\"hidden\" id=\"ak_js_1\" name=\"_wpcf7_ak_js\" value=\"174\"\/><script>\ndocument.getElementById( \"ak_js_1\" ).setAttribute( \"value\", ( new Date() ).getTime() );\n<\/script>\n<\/p><div class=\"wpcf7-response-output\" aria-hidden=\"true\"><\/div>\n<input type=\"hidden\" name=\"trp-form-language\" value=\"fr\"\/><\/form>\n<\/div>\n\t\t\t\t\t<\/div>\n\t\t\t\t<\/div>\n\t\t\t\t<\/div>\n<\/div>","protected":false},"excerpt":{"rendered":"<p>Appelez-nous : 015-7851131 (+31157851131)G\u00e9n\u00e9ralement disponible du lundi au vendredi de 9h \u00e0 13h30. Pas de r\u00e9ponse ? Laissez un message et vous serez rappel\u00e9. Envoyez un e-mail : info@chufafactory.com Envoyez un message :<\/p>","protected":false},"author":2,"featured_media":0,"parent":0,"menu_order":300,"comment_status":"closed","ping_status":"closed","template":"","meta":{"_uag_custom_page_level_css":"","footnotes":""},"class_list":["post-13533","page","type-page","status-publish"],"uagb_featured_image_src":{"full":false,"thumbnail":false,"medium":false,"medium_large":false,"large":false,"gs-tiny":false,"xl":false,"xxl":false,"xxxl":false,"xxxxl":false,"xxxxxl":false,"1536x1536":false,"2048x2048":false,"trp-custom-language-flag":false,"woocommerce_thumbnail":false,"woocommerce_single":false,"woocommerce_gallery_thumbnail":false},"uagb_author_info":{"display_name":"Sander","author_link":"https:\/\/www.chufafactory.com\/fr\/author\/sander\/"},"uagb_comment_info":0,"uagb_excerpt":"Bel ons: 015-7851131 (+31157851131)Over het algemeen bereikbaar op maandag t\/m vrijdag van 9.00-13.30 uur. Geen gehoor? Spreek een bericht in, u wordt teruggebeld. Stuur een e-mail: info@chufafactory.com Stuur een bericht:","_links":{"self":[{"href":"https:\/\/www.chufafactory.com\/fr\/wp-json\/wp\/v2\/pages\/13533","targetHints":{"allow":["GET"]}}],"collection":[{"href":"https:\/\/www.chufafactory.com\/fr\/wp-json\/wp\/v2\/pages"}],"about":[{"href":"https:\/\/www.chufafactory.com\/fr\/wp-json\/wp\/v2\/types\/page"}],"author":[{"embeddable":true,"href":"https:\/\/www.chufafactory.com\/fr\/wp-json\/wp\/v2\/users\/2"}],"replies":[{"embeddable":true,"href":"https:\/\/www.chufafactory.com\/fr\/wp-json\/wp\/v2\/comments?post=13533"}],"version-history":[{"count":0,"href":"https:\/\/www.chufafactory.com\/fr\/wp-json\/wp\/v2\/pages\/13533\/revisions"}],"wp:attachment":[{"href":"https:\/\/www.chufafactory.com\/fr\/wp-json\/wp\/v2\/media?parent=13533"}],"curies":[{"name":"wp","href":"https:\/\/api.w.org\/{rel}","templated":true}]}}