{"id":100419,"date":"2021-06-18T12:23:27","date_gmt":"2021-06-18T10:23:27","guid":{"rendered":"https:\/\/www.chufafactory.com\/affiliate-area\/"},"modified":"2021-06-24T11:26:08","modified_gmt":"2021-06-24T09:26:08","slug":"affiliate-area","status":"publish","type":"page","link":"https:\/\/www.chufafactory.com\/fr\/affiliate-area\/","title":{"rendered":"Tableau de bord des affili\u00e9s"},"content":{"rendered":"<p class=\"no-access\">L'espace affili\u00e9 n'est disponible que pour les affili\u00e9s enregistr\u00e9s.<\/p>\n\n<form id=\"affwp-login-form\" class=\"affwp-form\" action=\"\" method=\"post\" data-trp-original-action=\"\">\n\t\n\t<fieldset>\n\t\t<legend>Connectez-vous \u00e0 votre compte<\/legend>\n\n\t\t\n\t\t<p>\n\t\t\t<label for=\"affwp-login-user-login\">Nom d'utilisateur<\/label>\n\t\t\t<input id=\"affwp-login-user-login\" class=\"required\" type=\"text\" name=\"affwp_user_login\" title=\"Nom d&#039;utilisateur\" \/>\n\t\t<\/p>\n\n\t\t<p>\n\t\t\t<label for=\"affwp-login-user-pass\">Mot de passe<\/label>\n\t\t\t<input id=\"affwp-login-user-pass\" class=\"password required\" type=\"password\" name=\"affwp_user_pass\" \/>\n\t\t<\/p>\n\n\t\t<p>\n\t\t\t<label class=\"affwp-user-remember\" for=\"affwp-user-remember\">\n\t\t\t\t<input id=\"affwp-user-remember\" type=\"checkbox\" name=\"affwp_user_remember\" value=\"1\" \/> Souvenez-vous de moi\t\t\t<\/label>\n\t\t<\/p>\n\n\t\t<p>\n\t\t\t<input type=\"hidden\" name=\"affwp_redirect\" value=\"\"\/>\n\t\t\t<input type=\"hidden\" name=\"affwp_login_nonce\" value=\"bbb1db1566\" \/>\n\t\t\t<input type=\"hidden\" name=\"affwp_action\" value=\"user_login\" \/>\n\t\t\t<input type=\"submit\" class=\"button\" value=\"Se connecter\" \/>\n\t\t<\/p>\n\n\t\t<p class=\"affwp-lost-password\">\n\t\t\t<a href=\"https:\/\/www.chufafactory.com\/fr\/mijn-account\/lost-password\/\">Vous avez perdu votre mot de passe ?<\/a>\n\t\t<\/p>\n\n\t\t\t<\/fieldset>\n\n\t<input type=\"hidden\" name=\"trp-form-language\" value=\"fr\"\/><\/form>","protected":false},"excerpt":{"rendered":"","protected":false},"author":2,"featured_media":0,"parent":0,"menu_order":0,"comment_status":"closed","ping_status":"closed","template":"","meta":{"_uag_custom_page_level_css":"","footnotes":""},"class_list":["post-100419","page","type-page","status-publish"],"uagb_featured_image_src":{"full":false,"thumbnail":false,"medium":false,"medium_large":false,"large":false,"gs-tiny":false,"xl":false,"xxl":false,"xxxl":false,"xxxxl":false,"xxxxxl":false,"1536x1536":false,"2048x2048":false,"trp-custom-language-flag":false,"woocommerce_thumbnail":false,"woocommerce_single":false,"woocommerce_gallery_thumbnail":false},"uagb_author_info":{"display_name":"Sander","author_link":"https:\/\/www.chufafactory.com\/fr\/author\/sander\/"},"uagb_comment_info":0,"uagb_excerpt":null,"_links":{"self":[{"href":"https:\/\/www.chufafactory.com\/fr\/wp-json\/wp\/v2\/pages\/100419","targetHints":{"allow":["GET"]}}],"collection":[{"href":"https:\/\/www.chufafactory.com\/fr\/wp-json\/wp\/v2\/pages"}],"about":[{"href":"https:\/\/www.chufafactory.com\/fr\/wp-json\/wp\/v2\/types\/page"}],"author":[{"embeddable":true,"href":"https:\/\/www.chufafactory.com\/fr\/wp-json\/wp\/v2\/users\/2"}],"replies":[{"embeddable":true,"href":"https:\/\/www.chufafactory.com\/fr\/wp-json\/wp\/v2\/comments?post=100419"}],"version-history":[{"count":0,"href":"https:\/\/www.chufafactory.com\/fr\/wp-json\/wp\/v2\/pages\/100419\/revisions"}],"wp:attachment":[{"href":"https:\/\/www.chufafactory.com\/fr\/wp-json\/wp\/v2\/media?parent=100419"}],"curies":[{"name":"wp","href":"https:\/\/api.w.org\/{rel}","templated":true}]}}