{"id":98683,"date":"2019-08-11T21:16:33","date_gmt":"2019-08-11T19:16:33","guid":{"rendered":"http:\/\/www.chufanederland.nl\/?post_type=product&#038;p=76"},"modified":"2025-03-23T11:41:51","modified_gmt":"2025-03-23T10:41:51","slug":"chufamix-veggie-drinks-maker","status":"publish","type":"product","link":"https:\/\/www.chufafactory.com\/de\/webwinkel\/chufamix-veggie-drinks-maker\/","title":{"rendered":"Veganer Melker (ChufaMix)"},"content":{"rendered":"<p>Mit dem Vegan Milker k\u00f6nnen Sie ganz einfach pflanzliche Milch herstellen, ohne dass es zu einer Sauerei kommt.<\/p>\n<p><iframe loading=\"lazy\" title=\"So funktioniert der Vegan Milker (ChufaMix)\" width=\"1200\" height=\"675\" src=\"https:\/\/www.youtube.com\/embed\/dFyatgkKTOs?feature=oembed\" frameborder=\"0\" allow=\"accelerometer; autoplay; clipboard-write; encrypted-media; gyroscope; picture-in-picture; web-share\" referrerpolicy=\"strict-origin-when-cross-origin\" allowfullscreen><\/iframe><\/p>\n<ul>\n<li>\n<h3>Einzigartiges Werkzeug<\/h3>\n<\/li>\n<\/ul>\n<p>Der Vegan Milker ist ein Ger\u00e4t, mit dem Sie in Kombination mit Ihrem Stabmixer im Handumdrehen zerkleinern, sieben und p\u00fcrieren k\u00f6nnen, um ganz einfach Pflanzenmilch herzustellen. Mit dem Vegan Milker erhalten Sie alles aus Samen, N\u00fcssen und K\u00f6rnern f\u00fcr die leckerste Reismilch, Kokosmilch, Mandelmilch, Hafermilch, Hanfmilch, etc.<\/p>\n<ul>\n<li>\n<h3>Robust und langlebig<\/h3>\n<\/li>\n<\/ul>\n<p>Vollst\u00e4ndig in Spanien hergestellt, aus hochwertigen europ\u00e4ischen Materialien gefertigt. Besteht aus 4 Teilen: Der Filter ist aus deutschem Edelstahl gefertigt. Deckel, St\u00f6\u00dfel und Beh\u00e4lter bestehen aus Kunststoff, der frei von giftigen Inhaltsstoffen wie BPA, BPS, PVS, Formaldehyd und Phthalaten ist. Im Falle eines Defekts erhalten Sie mit Ihrem Kaufbeleg und einem Foto des Defekts eine 2-j\u00e4hrige Vollgarantie und ein Ersatzteil nach Hause geschickt. Sp\u00fclmaschinenfest (maximal 60 Grad empfohlen).<\/p>\n<ul>\n<li>\n<h3>Schnelle Amortisation<\/h3>\n<\/li>\n<\/ul>\n<p>Die Herstellung eines Liters Bio-Hafermilch kostet etwa 0,25 \u20ac, Bio-Reismilch 0,30 \u20ac und Sojamilch 0,35 \u20ac. Sie werden jedes Mal sparen, wenn Sie Ihre eigene Pflanzenmilch herstellen, und so den Vegan Milker schnell zur\u00fcckverdienen.<\/p>\n<ul>\n<li>\n<h3>5 Mal nahrhafter<\/h3>\n<\/li>\n<\/ul>\n<p>Selbstgemachte Pflanzenmilch enth\u00e4lt f\u00fcnfmal mehr N\u00e4hrstoffe, Vitamine und Aminos\u00e4uren als die gleiche Pflanzenmilch aus der Packung. Quelle: Studien des CSIC, der Prager Universit\u00e4t f\u00fcr Chemie und der Fakult\u00e4t f\u00fcr Toxikologie in Valencia. In dieser wissenschaftlichen Studie wurde pflanzliche Milch mit dem Vegan Milker hergestellt und dann mit der verpackten Version (Bio) verglichen.<\/p>\n<ul>\n<li>\n<h3>Null Abfall<\/h3>\n<\/li>\n<\/ul>\n<p>Neben der nahrhaften selbstgemachten Pflanzenmilch k\u00f6nnen Sie auch Fruchtfleisch aufbewahren. Sie k\u00f6nnen damit zum Beispiel Hummus, Tabouleh und Kekse herstellen. Mit dem Vegan Milker leisten Sie einen aktiven Beitrag zur Reduzierung von Verpackungsmaterial, Plastikverbrauch und unn\u00f6tiger Lebensmittelentsorgung. Rezepte mit Fruchtfleisch finden Sie in dem kostenlosen englischen E-Book, das Sie unten herunterladen k\u00f6nnen.<\/p>\n<ul>\n<li>\n<h3>Keine unerw\u00fcnschten Inhaltsstoffe<\/h3>\n<\/li>\n<\/ul>\n<p>Sie entscheiden, was Sie essen. Bio oder nicht, eine cremige Textur oder etwas Leichteres, welche Art von Salz Sie verwenden und welche Aromen. Keine Stabilisatoren, Konservierungsstoffe oder Zucker erforderlich!<\/p>\n<ul>\n<li>\n<h3>Allgemeiner Gebrauch<\/h3>\n<\/li>\n<\/ul>\n<p>1. Geben Sie eine Tasse Chufas, N\u00fcsse, K\u00f6rner oder Samen in das Sieb und f\u00fcgen Sie 3 Tassen Wasser hinzu.<br \/>\n2. F\u00fcgen Sie eine Dattel oder Gew\u00fcrze wie Zimt oder Ingwer hinzu. Kakaopulver ergibt eine einfache und gesunde Schokoladenmilch.<br \/>\n3. Alles mit dem Stabmixer so fein wie m\u00f6glich zerkleinern.<br \/>\n4. Das Sieb anheben und mit dem St\u00f6\u00dfel die gesamte Milch aus dem Fruchtfleisch dr\u00fccken.<br \/>\n5. Erledigt!<\/p>\n<p>Bei geschlossenem Deckel ist die Milch einige Tage im K\u00fchlschrank haltbar. Das Sieb sofort unter warmem Wasser aussp\u00fclen.<\/p>\n<p>F\u00fcr weitere Rezepte, <a href=\"https:\/\/www.chufafactory.com\/wp-content\/uploads\/E-book-Horchata.pdf\"><em><span style=\"color: #0000ff;\">Laden Sie unser Rezeptbuch herunter<\/span><\/em><\/a> Mit 8 Horchata-Rezepten.<\/p>\n<ul>\n<li>\n<h3>Niederl\u00e4ndisches Handbuch<\/h3>\n<\/li>\n<\/ul>\n<p>Enth\u00e4lt ein niederl\u00e4ndisches Handbuch, das von ChufaFactory erstellt wurde.<\/p>\n<ul>\n<li>\n<h3>Inhalt der Schachtel<\/h3>\n<\/li>\n<\/ul>\n<p>- Halter<br \/>\n- absieben<br \/>\n- St\u00f6\u00dfel<br \/>\n- Abdeckung<br \/>\n- Handbuch in Englisch, Deutsch, Spanisch, Italienisch und Franz\u00f6sisch. Separates Handbuch auf Niederl\u00e4ndisch.<\/p>\n<ul>\n<li>\n<h3>Kostenloses Rezeptbuch<\/h3>\n<\/li>\n<\/ul>\n<p><a href=\"https:\/\/www.chufafactory.com\/wp-content\/uploads\/Homemade-Vegan-Milks.pdf\"><span style=\"color: #0000ff;\">Download eines Rezeptbuchs<\/span><\/a> Voller Inspiration, was Sie mit Ihrem Vegan Milker alles machen k\u00f6nnen.<\/p>\n<p>Wie man den Vegan Milker am besten einsetzt:<\/p>\n<p><iframe loading=\"lazy\" title=\"\ud83d\udc4d\ud83c\udffd Tipps &amp; Tricks: So verwenden Sie den Vegan Milker M\u00f6rser\" width=\"1200\" height=\"675\" src=\"https:\/\/www.youtube.com\/embed\/k1693D041Ww?feature=oembed\" frameborder=\"0\" allow=\"accelerometer; autoplay; clipboard-write; encrypted-media; gyroscope; picture-in-picture; web-share\" referrerpolicy=\"strict-origin-when-cross-origin\" allowfullscreen><\/iframe><\/p>\n<p>&nbsp;<\/p>","protected":false},"excerpt":{"rendered":"<p>Mit dem Vegan Milker k\u00f6nnen Sie in Kombination mit Ihrem Stabmixer im Handumdrehen Horchata oder jede andere pflanzliche Milch herstellen!<\/p>","protected":false},"featured_media":99820,"comment_status":"open","ping_status":"closed","template":"","meta":{"_uag_custom_page_level_css":""},"product_brand":[],"product_cat":[89],"product_tag":[],"class_list":{"0":"post-98683","1":"product","2":"type-product","3":"status-publish","4":"has-post-thumbnail","6":"product_cat-accessoires","7":"product_shipping_class-pakket_hoog","8":"sales-flash-overlay","9":"woocommerce-text-align-center","10":"woocommerce-image-align-center","11":"do-quantity-buttons","12":"wc-has-gallery","14":"first","15":"outofstock","16":"taxable","17":"shipping-taxable","18":"purchasable","19":"product-type-variable","20":"has-default-attributes"},"uagb_featured_image_src":{"full":["https:\/\/www.chufafactory.com\/wp-content\/uploads\/Vegan-Milker-wit.jpg",600,600,false],"thumbnail":["https:\/\/www.chufafactory.com\/wp-content\/uploads\/Vegan-Milker-wit-150x150.jpg",150,150,true],"medium":["https:\/\/www.chufafactory.com\/wp-content\/uploads\/Vegan-Milker-wit-300x300.jpg",300,300,true],"medium_large":["https:\/\/www.chufafactory.com\/wp-content\/uploads\/Vegan-Milker-wit.jpg",600,600,false],"large":["https:\/\/www.chufafactory.com\/wp-content\/uploads\/Vegan-Milker-wit.jpg",600,600,false],"gs-tiny":["https:\/\/www.chufafactory.com\/wp-content\/uploads\/Vegan-Milker-wit.jpg",50,50,false],"xl":["https:\/\/www.chufafactory.com\/wp-content\/uploads\/Vegan-Milker-wit.jpg",600,600,false],"xxl":["https:\/\/www.chufafactory.com\/wp-content\/uploads\/Vegan-Milker-wit.jpg",600,600,false],"xxxl":["https:\/\/www.chufafactory.com\/wp-content\/uploads\/Vegan-Milker-wit.jpg",600,600,false],"xxxxl":["https:\/\/www.chufafactory.com\/wp-content\/uploads\/Vegan-Milker-wit.jpg",600,600,false],"xxxxxl":["https:\/\/www.chufafactory.com\/wp-content\/uploads\/Vegan-Milker-wit.jpg",600,600,false],"1536x1536":["https:\/\/www.chufafactory.com\/wp-content\/uploads\/Vegan-Milker-wit.jpg",600,600,false],"2048x2048":["https:\/\/www.chufafactory.com\/wp-content\/uploads\/Vegan-Milker-wit.jpg",600,600,false],"trp-custom-language-flag":["https:\/\/www.chufafactory.com\/wp-content\/uploads\/Vegan-Milker-wit.jpg",12,12,false],"woocommerce_thumbnail":["https:\/\/www.chufafactory.com\/wp-content\/uploads\/Vegan-Milker-wit-300x300.jpg",300,300,true],"woocommerce_single":["https:\/\/www.chufafactory.com\/wp-content\/uploads\/Vegan-Milker-wit.jpg",600,600,false],"woocommerce_gallery_thumbnail":["https:\/\/www.chufafactory.com\/wp-content\/uploads\/Vegan-Milker-wit-100x100.jpg",100,100,true]},"uagb_author_info":{"display_name":"ChufaNederland","author_link":"https:\/\/www.chufafactory.com\/de\/author\/"},"uagb_comment_info":21,"uagb_excerpt":"Met de Vegan Milker maak je in combinatie met je staafmixer in een handomdraai horchata of een andere plantaardige melk!","batches":[],"_links":{"self":[{"href":"https:\/\/www.chufafactory.com\/de\/wp-json\/wp\/v2\/product\/98683","targetHints":{"allow":["GET"]}}],"collection":[{"href":"https:\/\/www.chufafactory.com\/de\/wp-json\/wp\/v2\/product"}],"about":[{"href":"https:\/\/www.chufafactory.com\/de\/wp-json\/wp\/v2\/types\/product"}],"replies":[{"embeddable":true,"href":"https:\/\/www.chufafactory.com\/de\/wp-json\/wp\/v2\/comments?post=98683"}],"wp:featuredmedia":[{"embeddable":true,"href":"https:\/\/www.chufafactory.com\/de\/wp-json\/wp\/v2\/media\/99820"}],"wp:attachment":[{"href":"https:\/\/www.chufafactory.com\/de\/wp-json\/wp\/v2\/media?parent=98683"}],"wp:term":[{"taxonomy":"product_brand","embeddable":true,"href":"https:\/\/www.chufafactory.com\/de\/wp-json\/wp\/v2\/product_brand?post=98683"},{"taxonomy":"product_cat","embeddable":true,"href":"https:\/\/www.chufafactory.com\/de\/wp-json\/wp\/v2\/product_cat?post=98683"},{"taxonomy":"product_tag","embeddable":true,"href":"https:\/\/www.chufafactory.com\/de\/wp-json\/wp\/v2\/product_tag?post=98683"}],"curies":[{"name":"wp","href":"https:\/\/api.w.org\/{rel}","templated":true}]}}