{"id":39,"date":"2015-05-30T14:42:50","date_gmt":"2015-05-30T12:42:50","guid":{"rendered":"http:\/\/www.chufanederland.nl\/?post_type=product&#038;p=39"},"modified":"2026-05-10T15:58:38","modified_gmt":"2026-05-10T13:58:38","slug":"biologische-chufa","status":"publish","type":"product","link":"https:\/\/www.chufafactory.com\/de\/webwinkel\/biologische-chufa\/","title":{"rendered":"Bio Original Chufas"},"content":{"rendered":"<ul>\n<li>tht:<br \/>\n250g 30\/07\/2026<br \/>\n500g 30\/07\/2026<br \/>\n1 kg 07\/2027<\/li>\n<li>die Verpackung ist BPA-frei<\/li>\n<\/ul>\n<p>Dies sind die urspr\u00fcnglichen Chufas, auch gemahlene Mandeln oder Erdmandeln genannt. Es handelt sich nicht um eine Nuss, sondern um ein Wurzelgem\u00fcse. Sie sind biologisch, roh und allergenfrei. Reich an Ballaststoffen, die als Pr\u00e4biotikum wirken, ein N\u00e4hrstoff f\u00fcr gute Darmbakterien. Chufas enthalten die Mineralien Magnesium und Eisen und sind reich an Phosphor und Kalium.<\/p>\n<h3>Verwenden Sie<\/h3>\n<p>Diese Chufas k\u00f6nnen direkt aus der T\u00fcte gegessen werden, m\u00fcssen aber gut gekaut werden. Gesch\u00e4lte Chufas sind daf\u00fcr besser geeignet, oder man weicht sie vorher 12 Stunden lang ein, dann werden sie etwas weicher.<\/p>\n<p>Diese Chufa wird am h\u00e4ufigsten f\u00fcr die Herstellung von Horchata verwendet! Eine s\u00fc\u00dfe Pflanzenmilch, die seit Jahrhunderten auf den Stra\u00dfen von Valencia verkauft wird. Weichen Sie sie 24 Stunden lang in Wasser im K\u00fchlschrank ein und zerkleinern Sie sie dann mit der 3- bis 4-fachen Menge an frischem Wasser in einem Mixer oder einer K\u00fcchenmaschine. <em><span style=\"color: #0000ff;\"><a style=\"color: #0000ff;\" href=\"https:\/\/www.chufafactory.com\/de\/product\/chufamix-veggie-drinks-maker\/\">Veganer Melker<\/a><\/span><\/em> zusammen mit einer Dattel und etwas Salz. Lassen Sie ihn eine Weile im K\u00fchlschrank ruhen und trinken Sie ihn eiskalt. Der Brei wird in Spanien an Esel verf\u00fcttert!<\/p>\n<p><a href=\"https:\/\/www.chufafactory.com\/wp-content\/uploads\/E-book-Horchata.pdf\"><img loading=\"lazy\" decoding=\"async\" class=\"alignleft wp-image-102540 size-full\" src=\"https:\/\/www.chufafactory.com\/wp-content\/uploads\/Voorkant-horchata-e-book.png\" alt=\"\" width=\"189\" height=\"307\" srcset=\"https:\/\/www.chufafactory.com\/wp-content\/uploads\/Voorkant-horchata-e-book.png 189w, https:\/\/www.chufafactory.com\/wp-content\/uploads\/Voorkant-horchata-e-book-185x300.png 185w, https:\/\/www.chufafactory.com\/wp-content\/uploads\/Voorkant-horchata-e-book-7x12.png 7w\" sizes=\"auto, (max-width: 189px) 100vw, 189px\" \/><\/a>Unter 'Rezepte' finden Sie die gesamte <a href=\"https:\/\/www.chufafactory.com\/de\/recepten\/drankjes\/chufamelk-horchata-tijgernotenmelk\/\"><em><span style=\"color: #0000ff;\">Rezept f\u00fcr Horchata<\/span><\/em><\/a>. Wir haben auch ein E-Book mit 8 Rezepten f\u00fcr Horchata-Variationen und 2 Rezepten, in denen das Fruchtfleisch (Restprodukt) als Zutat verwendet wird, erstellt. Laden Sie das PDF herunter, indem Sie auf das Bild klicken.<\/p>","protected":false},"excerpt":{"rendered":"<p>Diese Original Chufa wird traditionell f\u00fcr die Herstellung von Horchata verwendet.<\/p>\n<p><strong>Erhalten Sie 10%-Rabatt beim Kauf von 5 oder mehr Kilo-S\u00e4cken! Kombinationen sind m\u00f6glich. Der Rabatt ist in Ihrem Einkaufskorb sichtbar.<\/strong><\/p>\n<p><img loading=\"lazy\" decoding=\"async\" class=\"aligncenter size-full wp-image-203\" src=\"https:\/\/www.chufafactory.com\/wp-content\/uploads\/logos-en-keurmerken.jpg\" alt=\"\" width=\"804\" height=\"159\" srcset=\"https:\/\/www.chufafactory.com\/wp-content\/uploads\/logos-en-keurmerken.jpg 804w, https:\/\/www.chufafactory.com\/wp-content\/uploads\/logos-en-keurmerken-600x119.jpg 600w, https:\/\/www.chufafactory.com\/wp-content\/uploads\/logos-en-keurmerken-300x59.jpg 300w, https:\/\/www.chufafactory.com\/wp-content\/uploads\/logos-en-keurmerken-768x152.jpg 768w\" sizes=\"auto, (max-width: 804px) 100vw, 804px\" \/><\/p>","protected":false},"featured_media":98910,"comment_status":"open","ping_status":"closed","template":"","meta":{"_uag_custom_page_level_css":""},"product_brand":[],"product_cat":[125],"product_tag":[91],"class_list":{"0":"post-39","1":"product","2":"type-product","3":"status-publish","4":"has-post-thumbnail","6":"product_cat-originele-chufas","7":"product_tag-biologisch","8":"product_shipping_class-pakket","9":"sales-flash-overlay","10":"woocommerce-text-align-center","11":"woocommerce-image-align-center","12":"do-quantity-buttons","13":"wc-has-gallery","15":"first","16":"instock","17":"taxable","18":"shipping-taxable","19":"purchasable","20":"product-type-variable","21":"has-default-attributes"},"uagb_featured_image_src":{"full":["https:\/\/www.chufafactory.com\/wp-content\/uploads\/ongepelde-close-up-1.jpg",650,650,false],"thumbnail":["https:\/\/www.chufafactory.com\/wp-content\/uploads\/ongepelde-close-up-1-150x150.jpg",150,150,true],"medium":["https:\/\/www.chufafactory.com\/wp-content\/uploads\/ongepelde-close-up-1-300x300.jpg",300,300,true],"medium_large":["https:\/\/www.chufafactory.com\/wp-content\/uploads\/ongepelde-close-up-1.jpg",650,650,false],"large":["https:\/\/www.chufafactory.com\/wp-content\/uploads\/ongepelde-close-up-1.jpg",650,650,false],"gs-tiny":["https:\/\/www.chufafactory.com\/wp-content\/uploads\/ongepelde-close-up-1.jpg",50,50,false],"xl":["https:\/\/www.chufafactory.com\/wp-content\/uploads\/ongepelde-close-up-1.jpg",650,650,false],"xxl":["https:\/\/www.chufafactory.com\/wp-content\/uploads\/ongepelde-close-up-1.jpg",650,650,false],"xxxl":["https:\/\/www.chufafactory.com\/wp-content\/uploads\/ongepelde-close-up-1.jpg",650,650,false],"xxxxl":["https:\/\/www.chufafactory.com\/wp-content\/uploads\/ongepelde-close-up-1.jpg",650,650,false],"xxxxxl":["https:\/\/www.chufafactory.com\/wp-content\/uploads\/ongepelde-close-up-1.jpg",650,650,false],"1536x1536":["https:\/\/www.chufafactory.com\/wp-content\/uploads\/ongepelde-close-up-1.jpg",650,650,false],"2048x2048":["https:\/\/www.chufafactory.com\/wp-content\/uploads\/ongepelde-close-up-1.jpg",650,650,false],"trp-custom-language-flag":["https:\/\/www.chufafactory.com\/wp-content\/uploads\/ongepelde-close-up-1.jpg",12,12,false],"woocommerce_thumbnail":["https:\/\/www.chufafactory.com\/wp-content\/uploads\/ongepelde-close-up-1-300x300.jpg",300,300,true],"woocommerce_single":["https:\/\/www.chufafactory.com\/wp-content\/uploads\/ongepelde-close-up-1-600x600.jpg",600,600,true],"woocommerce_gallery_thumbnail":["https:\/\/www.chufafactory.com\/wp-content\/uploads\/ongepelde-close-up-1-100x100.jpg",100,100,true]},"uagb_author_info":{"display_name":"ChufaNederland","author_link":"https:\/\/www.chufafactory.com\/de\/author\/"},"uagb_comment_info":42,"uagb_excerpt":"Deze Originele Chufa wordt van oudsher gebruikt voor het maken van horchata. Krijg 10% korting bij de aankoop van 5 of meer kilozakken! Combineren is mogelijk. De korting is zichtbaar in je winkelmandje.","batches":[],"_links":{"self":[{"href":"https:\/\/www.chufafactory.com\/de\/wp-json\/wp\/v2\/product\/39","targetHints":{"allow":["GET"]}}],"collection":[{"href":"https:\/\/www.chufafactory.com\/de\/wp-json\/wp\/v2\/product"}],"about":[{"href":"https:\/\/www.chufafactory.com\/de\/wp-json\/wp\/v2\/types\/product"}],"replies":[{"embeddable":true,"href":"https:\/\/www.chufafactory.com\/de\/wp-json\/wp\/v2\/comments?post=39"}],"wp:featuredmedia":[{"embeddable":true,"href":"https:\/\/www.chufafactory.com\/de\/wp-json\/wp\/v2\/media\/98910"}],"wp:attachment":[{"href":"https:\/\/www.chufafactory.com\/de\/wp-json\/wp\/v2\/media?parent=39"}],"wp:term":[{"taxonomy":"product_brand","embeddable":true,"href":"https:\/\/www.chufafactory.com\/de\/wp-json\/wp\/v2\/product_brand?post=39"},{"taxonomy":"product_cat","embeddable":true,"href":"https:\/\/www.chufafactory.com\/de\/wp-json\/wp\/v2\/product_cat?post=39"},{"taxonomy":"product_tag","embeddable":true,"href":"https:\/\/www.chufafactory.com\/de\/wp-json\/wp\/v2\/product_tag?post=39"}],"curies":[{"name":"wp","href":"https:\/\/api.w.org\/{rel}","templated":true}]}}