{"id":3148,"date":"2018-01-04T19:08:43","date_gmt":"2018-01-04T18:08:43","guid":{"rendered":"https:\/\/www.chufanederland.nl\/?post_type=product&#038;p=3148"},"modified":"2026-05-10T14:49:51","modified_gmt":"2026-05-10T12:49:51","slug":"bio-chufa-topping-naturel","status":"publish","type":"product","link":"https:\/\/www.chufafactory.com\/de\/webwinkel\/bio-chufa-topping-naturel\/","title":{"rendered":"Bio-Choufa-Belag"},"content":{"rendered":"<p>Chufa Topping Natural sind W\u00fcrfel aus der gesch\u00e4lten Chufa. Sie haben einen k\u00f6stlichen Biss! Sie sind \"roh\", biologisch, paleo und vegan, frei von Gluten und Allergenen. Sie sind reich an Ballaststoffen, Phosphor und Kalium und enthalten Magnesium und Eisen.<\/p>\n<h3>Verwenden Sie<\/h3>\n<p>Streuen Sie den Belag \u00fcber Ihr Fr\u00fchst\u00fcck, Ihren Salat oder herzhafte Gerichte.<\/p>\n<ul>\n<li>tht:<br \/>\nDie 1-Kilo-S\u00e4cke bis 20-06-2026<\/li>\n<li>die Verpackung ist BPA-frei<\/li>\n<\/ul>","protected":false},"excerpt":{"rendered":"<p>Der Chufa-Belag wird aus gehackten und gesch\u00e4lten Chufas hergestellt. Sie haben einen k\u00f6stlichen Biss! Streuen Sie den Belag \u00fcber Ihr Fr\u00fchst\u00fcck, Ihren Salat oder Ihre herzhaften Gerichte.<\/p>\n<p><strong>Erhalten Sie 10%-Rabatt beim Kauf von 5 oder mehr Kilo-S\u00e4cken! Kombinationen sind m\u00f6glich. Der Rabatt ist in Ihrem Einkaufskorb sichtbar.<\/strong><\/p>\n<p><img loading=\"lazy\" decoding=\"async\" class=\"aligncenter size-full wp-image-203\" src=\"https:\/\/www.chufafactory.com\/wp-content\/uploads\/logos-en-keurmerken.jpg\" alt=\"\" width=\"804\" height=\"159\" srcset=\"https:\/\/www.chufafactory.com\/wp-content\/uploads\/logos-en-keurmerken.jpg 804w, https:\/\/www.chufafactory.com\/wp-content\/uploads\/logos-en-keurmerken-600x119.jpg 600w, https:\/\/www.chufafactory.com\/wp-content\/uploads\/logos-en-keurmerken-300x59.jpg 300w, https:\/\/www.chufafactory.com\/wp-content\/uploads\/logos-en-keurmerken-768x152.jpg 768w\" sizes=\"auto, (max-width: 804px) 100vw, 804px\" \/><\/p>","protected":false},"featured_media":98790,"comment_status":"open","ping_status":"closed","template":"","meta":{"_uag_custom_page_level_css":""},"product_brand":[],"product_cat":[154],"product_tag":[91],"class_list":{"0":"post-3148","1":"product","2":"type-product","3":"status-publish","4":"has-post-thumbnail","6":"product_cat-ontbijtproducten","7":"product_tag-biologisch","8":"product_shipping_class-pakket","9":"sales-flash-overlay","10":"woocommerce-text-align-center","11":"woocommerce-image-align-center","12":"do-quantity-buttons","13":"wc-has-gallery","15":"first","16":"instock","17":"taxable","18":"shipping-taxable","19":"purchasable","20":"product-type-variable","21":"has-default-attributes"},"uagb_featured_image_src":{"full":["https:\/\/www.chufafactory.com\/wp-content\/uploads\/Biologisches-Erdmandel-Topping-3-1.jpg",650,650,false],"thumbnail":["https:\/\/www.chufafactory.com\/wp-content\/uploads\/Biologisches-Erdmandel-Topping-3-1-150x150.jpg",150,150,true],"medium":["https:\/\/www.chufafactory.com\/wp-content\/uploads\/Biologisches-Erdmandel-Topping-3-1-300x300.jpg",300,300,true],"medium_large":["https:\/\/www.chufafactory.com\/wp-content\/uploads\/Biologisches-Erdmandel-Topping-3-1.jpg",650,650,false],"large":["https:\/\/www.chufafactory.com\/wp-content\/uploads\/Biologisches-Erdmandel-Topping-3-1.jpg",650,650,false],"gs-tiny":["https:\/\/www.chufafactory.com\/wp-content\/uploads\/Biologisches-Erdmandel-Topping-3-1.jpg",50,50,false],"xl":["https:\/\/www.chufafactory.com\/wp-content\/uploads\/Biologisches-Erdmandel-Topping-3-1.jpg",650,650,false],"xxl":["https:\/\/www.chufafactory.com\/wp-content\/uploads\/Biologisches-Erdmandel-Topping-3-1.jpg",650,650,false],"xxxl":["https:\/\/www.chufafactory.com\/wp-content\/uploads\/Biologisches-Erdmandel-Topping-3-1.jpg",650,650,false],"xxxxl":["https:\/\/www.chufafactory.com\/wp-content\/uploads\/Biologisches-Erdmandel-Topping-3-1.jpg",650,650,false],"xxxxxl":["https:\/\/www.chufafactory.com\/wp-content\/uploads\/Biologisches-Erdmandel-Topping-3-1.jpg",650,650,false],"1536x1536":["https:\/\/www.chufafactory.com\/wp-content\/uploads\/Biologisches-Erdmandel-Topping-3-1.jpg",650,650,false],"2048x2048":["https:\/\/www.chufafactory.com\/wp-content\/uploads\/Biologisches-Erdmandel-Topping-3-1.jpg",650,650,false],"trp-custom-language-flag":["https:\/\/www.chufafactory.com\/wp-content\/uploads\/Biologisches-Erdmandel-Topping-3-1.jpg",12,12,false],"woocommerce_thumbnail":["https:\/\/www.chufafactory.com\/wp-content\/uploads\/Biologisches-Erdmandel-Topping-3-1-300x300.jpg",300,300,true],"woocommerce_single":["https:\/\/www.chufafactory.com\/wp-content\/uploads\/Biologisches-Erdmandel-Topping-3-1-600x600.jpg",600,600,true],"woocommerce_gallery_thumbnail":["https:\/\/www.chufafactory.com\/wp-content\/uploads\/Biologisches-Erdmandel-Topping-3-1-100x100.jpg",100,100,true]},"uagb_author_info":{"display_name":"ChufaNederland","author_link":"https:\/\/www.chufafactory.com\/de\/author\/"},"uagb_comment_info":23,"uagb_excerpt":"Chufa Topping is gemaakt van gehakte en gepelde chufa's. Ze hebben een heerlijke bite! Strooi de topping over je ontbijt, salade of hartige gerechten. Krijg 10% korting bij de aankoop van 5 of meer kilozakken! Combineren is mogelijk. De korting is zichtbaar in je winkelmandje.","batches":[],"_links":{"self":[{"href":"https:\/\/www.chufafactory.com\/de\/wp-json\/wp\/v2\/product\/3148","targetHints":{"allow":["GET"]}}],"collection":[{"href":"https:\/\/www.chufafactory.com\/de\/wp-json\/wp\/v2\/product"}],"about":[{"href":"https:\/\/www.chufafactory.com\/de\/wp-json\/wp\/v2\/types\/product"}],"replies":[{"embeddable":true,"href":"https:\/\/www.chufafactory.com\/de\/wp-json\/wp\/v2\/comments?post=3148"}],"wp:featuredmedia":[{"embeddable":true,"href":"https:\/\/www.chufafactory.com\/de\/wp-json\/wp\/v2\/media\/98790"}],"wp:attachment":[{"href":"https:\/\/www.chufafactory.com\/de\/wp-json\/wp\/v2\/media?parent=3148"}],"wp:term":[{"taxonomy":"product_brand","embeddable":true,"href":"https:\/\/www.chufafactory.com\/de\/wp-json\/wp\/v2\/product_brand?post=3148"},{"taxonomy":"product_cat","embeddable":true,"href":"https:\/\/www.chufafactory.com\/de\/wp-json\/wp\/v2\/product_cat?post=3148"},{"taxonomy":"product_tag","embeddable":true,"href":"https:\/\/www.chufafactory.com\/de\/wp-json\/wp\/v2\/product_tag?post=3148"}],"curies":[{"name":"wp","href":"https:\/\/api.w.org\/{rel}","templated":true}]}}