{"id":104421,"date":"2025-09-16T11:14:39","date_gmt":"2025-09-16T09:14:39","guid":{"rendered":"https:\/\/www.chufafactory.com\/?post_type=product&#038;p=104421"},"modified":"2026-05-15T15:49:04","modified_gmt":"2026-05-15T13:49:04","slug":"biologische-havergranola-aardbei-cacao","status":"publish","type":"product","link":"https:\/\/www.chufafactory.com\/de\/webwinkel\/biologische-havergranola-aardbei-cacao\/","title":{"rendered":"Bio-Haferm\u00fcsli Erdbeer-Kakao"},"content":{"rendered":"<p>Dieses Bio-Granola enth\u00e4lt Haferflocken als Basis und Erdmandel\/Chufa als weitere Zutat.<\/p>\n<p>Das M\u00fcsli wird nicht gebacken, sondern bei niedriger Temperatur getrocknet. Dadurch bleiben alle Enzyme, Ballaststoffe, Vitamine und N\u00e4hrwerte der Zutaten erhalten. Das M\u00fcsli enth\u00e4lt Ballaststoffe, die gut f\u00fcr unsere Darmflora und die Verdauung sind.<\/p>\n<p><strong>N\u00e4hrwertangaben pro 100 g:<\/strong>\u200b<\/p>\n<table>\n<tbody>\n<tr>\n<th>Beschreibung<\/th>\n<th>Wert<\/th>\n<\/tr>\n<tr>\n<td>Energie<\/td>\n<td>1664kJ (398 kcal)<\/td>\n<\/tr>\n<tr>\n<td>Fett<\/td>\n<td>15 g<\/td>\n<\/tr>\n<tr>\n<td>- davon ges\u00e4ttigt<\/td>\n<td>4 g<\/td>\n<\/tr>\n<tr>\n<td>Kohlenhydrate<\/td>\n<td>56 g<\/td>\n<\/tr>\n<tr>\n<td>- davon Zucker<\/td>\n<td>15,4 g<\/td>\n<\/tr>\n<tr>\n<td>Fasern<\/td>\n<td>14 g<\/td>\n<\/tr>\n<tr>\n<td>Eiwei\u00df<\/td>\n<td>14 g<\/td>\n<\/tr>\n<tr>\n<td>Salz<\/td>\n<td>0,19 g<\/td>\n<\/tr>\n<\/tbody>\n<\/table>","protected":false},"excerpt":{"rendered":"<p>Eigentlich falsch bestellt, daher das Angebot. Es ist zwar etwas Tigernuss drin, aber die Basis ist Haferflocken.<\/p>\n<p>Zutaten: glutenfreie Haferflocken, Quinoa-Flocken, gemahlene Erdmandeln, Dattelpaste, K\u00fcrbiskerne, gemahlene Kokosnuss, Criollo-Kakaopulver, Criollo-Kakaobohnen, gefriergetrocknete Erdbeeren 1%.<\/p>\n<p>Hersteller: Drobtinka<del><\/del><\/p>\n<p>Inhalt: 300 Gramm<br \/>\nDatum: 09-06-2026<\/p>\n<p><img loading=\"lazy\" decoding=\"async\" class=\"aligncenter size-full wp-image-204\" src=\"https:\/\/www.chufafactory.com\/wp-content\/uploads\/logos-en-keurmerken.jpg\" alt=\"\" width=\"804\" height=\"159\" srcset=\"https:\/\/www.chufafactory.com\/wp-content\/uploads\/logos-en-keurmerken.jpg 804w, https:\/\/www.chufafactory.com\/wp-content\/uploads\/logos-en-keurmerken-600x119.jpg 600w, https:\/\/www.chufafactory.com\/wp-content\/uploads\/logos-en-keurmerken-300x59.jpg 300w, https:\/\/www.chufafactory.com\/wp-content\/uploads\/logos-en-keurmerken-768x152.jpg 768w\" sizes=\"auto, (max-width: 804px) 100vw, 804px\" \/><\/p>","protected":false},"featured_media":104424,"comment_status":"open","ping_status":"closed","template":"","meta":{"_uag_custom_page_level_css":""},"product_brand":[],"product_cat":[153,154],"product_tag":[],"class_list":{"0":"post-104421","1":"product","2":"type-product","3":"status-publish","4":"has-post-thumbnail","6":"product_cat-granola","7":"product_cat-ontbijtproducten","8":"product_shipping_class-pakket","9":"sales-flash-overlay","10":"woocommerce-text-align-center","11":"woocommerce-image-align-center","12":"do-quantity-buttons","14":"first","15":"instock","16":"sale","17":"taxable","18":"shipping-taxable","19":"purchasable","20":"product-type-simple"},"uagb_featured_image_src":{"full":["https:\/\/www.chufafactory.com\/wp-content\/uploads\/Granola-Tijgernoot-en-haver-aardbei-cacao.jpg",797,800,false],"thumbnail":["https:\/\/www.chufafactory.com\/wp-content\/uploads\/Granola-Tijgernoot-en-haver-aardbei-cacao-150x150.jpg",150,150,true],"medium":["https:\/\/www.chufafactory.com\/wp-content\/uploads\/Granola-Tijgernoot-en-haver-aardbei-cacao-300x300.jpg",300,300,true],"medium_large":["https:\/\/www.chufafactory.com\/wp-content\/uploads\/Granola-Tijgernoot-en-haver-aardbei-cacao-768x771.jpg",768,771,true],"large":["https:\/\/www.chufafactory.com\/wp-content\/uploads\/Granola-Tijgernoot-en-haver-aardbei-cacao.jpg",797,800,false],"gs-tiny":["https:\/\/www.chufafactory.com\/wp-content\/uploads\/Granola-Tijgernoot-en-haver-aardbei-cacao-50x50.jpg",50,50,true],"xl":["https:\/\/www.chufafactory.com\/wp-content\/uploads\/Granola-Tijgernoot-en-haver-aardbei-cacao.jpg",797,800,false],"xxl":["https:\/\/www.chufafactory.com\/wp-content\/uploads\/Granola-Tijgernoot-en-haver-aardbei-cacao.jpg",797,800,false],"xxxl":["https:\/\/www.chufafactory.com\/wp-content\/uploads\/Granola-Tijgernoot-en-haver-aardbei-cacao.jpg",797,800,false],"xxxxl":["https:\/\/www.chufafactory.com\/wp-content\/uploads\/Granola-Tijgernoot-en-haver-aardbei-cacao.jpg",797,800,false],"xxxxxl":["https:\/\/www.chufafactory.com\/wp-content\/uploads\/Granola-Tijgernoot-en-haver-aardbei-cacao.jpg",797,800,false],"1536x1536":["https:\/\/www.chufafactory.com\/wp-content\/uploads\/Granola-Tijgernoot-en-haver-aardbei-cacao.jpg",797,800,false],"2048x2048":["https:\/\/www.chufafactory.com\/wp-content\/uploads\/Granola-Tijgernoot-en-haver-aardbei-cacao.jpg",797,800,false],"trp-custom-language-flag":["https:\/\/www.chufafactory.com\/wp-content\/uploads\/Granola-Tijgernoot-en-haver-aardbei-cacao-12x12.jpg",12,12,true],"woocommerce_thumbnail":["https:\/\/www.chufafactory.com\/wp-content\/uploads\/Granola-Tijgernoot-en-haver-aardbei-cacao-300x300.jpg",300,300,true],"woocommerce_single":["https:\/\/www.chufafactory.com\/wp-content\/uploads\/Granola-Tijgernoot-en-haver-aardbei-cacao-600x602.jpg",600,602,true],"woocommerce_gallery_thumbnail":["https:\/\/www.chufafactory.com\/wp-content\/uploads\/Granola-Tijgernoot-en-haver-aardbei-cacao-100x100.jpg",100,100,true]},"uagb_author_info":{"display_name":"ChufaNederland","author_link":"https:\/\/www.chufafactory.com\/de\/author\/"},"uagb_comment_info":0,"uagb_excerpt":"Eigenlijk verkeerd besteld, vandaar de aanbieding. Er zit wel wat tijgernoot in maar de basis is havermout. Ingredi\u00ebnten: glutenvrije havermoutvlokken, quinoavlokken, gemalen tijgernoten, dadelpasta, pompoenpitten, gemalen kokosnoot, criollo cacaopoeder, criollo cacaobonen, gevriesdroogde aardbeien 1%. Maker: Drobtinka Inhoud: 300 gram Tht: 09-06-2026","batches":[{"id":"172","date_created":"2025-09-16 09:24:39","date_expiry":"2026-06-09 00:00:00","user_id":"37","product_id":"104421","variation_id":null,"batch_number":"L23","supplier":"","quantity":"24.0000","quantity_available":"10.0000","status":"active","order_ids":"[104563,104593,104722,104749]"}],"_links":{"self":[{"href":"https:\/\/www.chufafactory.com\/de\/wp-json\/wp\/v2\/product\/104421","targetHints":{"allow":["GET"]}}],"collection":[{"href":"https:\/\/www.chufafactory.com\/de\/wp-json\/wp\/v2\/product"}],"about":[{"href":"https:\/\/www.chufafactory.com\/de\/wp-json\/wp\/v2\/types\/product"}],"replies":[{"embeddable":true,"href":"https:\/\/www.chufafactory.com\/de\/wp-json\/wp\/v2\/comments?post=104421"}],"wp:featuredmedia":[{"embeddable":true,"href":"https:\/\/www.chufafactory.com\/de\/wp-json\/wp\/v2\/media\/104424"}],"wp:attachment":[{"href":"https:\/\/www.chufafactory.com\/de\/wp-json\/wp\/v2\/media?parent=104421"}],"wp:term":[{"taxonomy":"product_brand","embeddable":true,"href":"https:\/\/www.chufafactory.com\/de\/wp-json\/wp\/v2\/product_brand?post=104421"},{"taxonomy":"product_cat","embeddable":true,"href":"https:\/\/www.chufafactory.com\/de\/wp-json\/wp\/v2\/product_cat?post=104421"},{"taxonomy":"product_tag","embeddable":true,"href":"https:\/\/www.chufafactory.com\/de\/wp-json\/wp\/v2\/product_tag?post=104421"}],"curies":[{"name":"wp","href":"https:\/\/api.w.org\/{rel}","templated":true}]}}